{"id":1981,"date":"2017-02-23T07:33:15","date_gmt":"2017-02-23T13:33:15","guid":{"rendered":"http:\/\/inmoban.imagenconsulting.com\/inmoban\/"},"modified":"2024-07-08T05:23:12","modified_gmt":"2024-07-08T11:23:12","slug":"inmoban","status":"publish","type":"page","link":"https:\/\/www.inmoban.es\/fr\/inmoban\/","title":{"rendered":"inmoban"},"content":{"rendered":"<p>[vc_row][vc_column][vc_column_text]<\/p>\n<div class=\"textwidget\">\n<h3>Quienes somos<\/h3>\n<p><span style=\"font-size: 18px; line-height: 30px;\">Nuestras oficinas se encuentran situadas en plena Costa del Sol, en el Centro Comercial Guadalmina, justo al oeste de San Pedro Alc\u00e1ntara, bordeando el Real Club de Golf Guadalmina y cerca de las principales zonas de viviendas de Puerto Ban\u00fas, Marbella, Benahav\u00eds y Estepona. Desde esta ubicaci\u00f3n ofrecemos un <strong>servicio profesional<\/strong> y <strong>personal<\/strong> a medida seg\u00fan las necesidades de nuestros clientes.<br \/>\n<\/span><\/p>\n<p><span style=\"font-size: 18px; line-height: 30px;\">Son muchos los factores peque\u00f1os que pueden hacer que la compra de una propiedad pase de ser una experiencia f\u00e1cil, agradable y transparente a convertirse en un proceso complicado, por lo que es importante trabajar con agentes profesionales y expertos como <strong>INMOban<\/strong>. Con m\u00e1s de 20 a\u00f1os de experiencia en el sector inmobiliario de la Costa del Sol, ofrecemos un conocimiento profundo del mercado, adem\u00e1s de contar con los conocimientos t\u00e9cnicos necesarios para garantizarle total tranquilidad.<br \/>\n<\/span><\/p>\n<p>&nbsp;<\/p>\n<h3 class=\"aligncenter\"><img loading=\"lazy\" decoding=\"async\" class=\"aligncenter wp-image-2168 size-large\" src=\"http:\/\/inmoban.imagenconsulting.com\/wp-content\/uploads\/2017\/02\/Gulf-exposure-for-Marbella-1024x453.jpg\" width=\"1024\" height=\"453\" srcset=\"https:\/\/www.inmoban.es\/wp-content\/uploads\/2017\/02\/Gulf-exposure-for-Marbella-1024x453.jpg 1024w, https:\/\/www.inmoban.es\/wp-content\/uploads\/2017\/02\/Gulf-exposure-for-Marbella-300x133.jpg 300w, https:\/\/www.inmoban.es\/wp-content\/uploads\/2017\/02\/Gulf-exposure-for-Marbella-768x340.jpg 768w, https:\/\/www.inmoban.es\/wp-content\/uploads\/2017\/02\/Gulf-exposure-for-Marbella-150x66.jpg 150w, https:\/\/www.inmoban.es\/wp-content\/uploads\/2017\/02\/Gulf-exposure-for-Marbella-350x155.jpg 350w, https:\/\/www.inmoban.es\/wp-content\/uploads\/2017\/02\/Gulf-exposure-for-Marbella.jpg 1400w\" sizes=\"(max-width: 1024px) 100vw, 1024px\" \/><\/h3>\n<p>&nbsp;<\/p>\n<p><span style=\"font-size: 18px; line-height: 30px;\">Conocemos esta zona al dedillo y por eso podemos ofrecer una lista completa de propiedades por toda la Costa del Sol que encajen con su estilo de vida preferido, ya sea viviendo junto a la playa, en zonas residenciales arboladas con vistas a campos de golf, en el entorno de un club de campo o en plena naturaleza. La opci\u00f3n de tipos de propiedades disponibles es igualmente amplia y oscila desde estudios compactos hasta grandes mansiones con un estilo moderno o tradicional, e incluso propiedades embargadas de bancos con muy buena relaci\u00f3n calidad-precio o con potencial como inversi\u00f3n.<br \/>\n<\/span><\/p>\n<p><span style=\"font-size: 18px; line-height: 30px;\">Adem\u00e1s, en <b>INMOban<\/b>, Adem\u00e1s de propiedades a la venta en Marbella, ofrecemos alquileres de larga duraci\u00f3n y vacacionales. En INMOban contamos con un <strong>servicio completamente integral<\/strong> para su vivienda que incluye la gesti\u00f3n postventa de proyectos de reforma, de decoraci\u00f3n interior y paisajismo adem\u00e1s de la organizaci\u00f3n de otros asuntos como mantenimiento, reparaciones, servicios de limpieza y gesti\u00f3n de alquileres en su nombre.<br \/>\n<\/span><\/p>\n<p><span style=\"font-size: 18px; line-height: 30px;\">Contacte con nosotros si desea m\u00e1s informaci\u00f3n sobre compra, alquiler o venta de propiedades en Marbella y desea trabajar con una agencia peque\u00f1a pero profesional que pone a su disposici\u00f3n toda su experiencia y conocimientos.<br \/>\n<\/span><\/p>\n<p><span style=\"font-size: 18px; line-height: 30px;\">Gracias por su visita.<\/span><\/p>\n<\/div>\n<p>[\/vc_column_text][\/vc_column][\/vc_row][vc_row][vc_column][\/vc_column][\/vc_row]<\/p>\n","protected":false},"excerpt":{"rendered":"<p>[vc_row][vc_column][vc_column_text] Quienes somos Nuestras oficinas se encuentran situadas en plena Costa del Sol, en el Centro Comercial Guadalmina, justo al oeste de San Pedro Alc\u00e1ntara, bordeando el Real Club de Golf Guadalmina y cerca de las principales zonas de viviendas de Puerto Ban\u00fas, Marbella, Benahav\u00eds y Estepona. Desde esta ubicaci\u00f3n ofrecemos un servicio profesional y [&hellip;]<\/p>\n","protected":false},"author":1,"featured_media":0,"parent":0,"menu_order":0,"comment_status":"closed","ping_status":"closed","template":"template\/template-page.php","meta":{"footnotes":""},"aioseo_notices":[],"_links":{"self":[{"href":"https:\/\/www.inmoban.es\/fr\/wp-json\/wp\/v2\/pages\/1981"}],"collection":[{"href":"https:\/\/www.inmoban.es\/fr\/wp-json\/wp\/v2\/pages"}],"about":[{"href":"https:\/\/www.inmoban.es\/fr\/wp-json\/wp\/v2\/types\/page"}],"author":[{"embeddable":true,"href":"https:\/\/www.inmoban.es\/fr\/wp-json\/wp\/v2\/users\/1"}],"replies":[{"embeddable":true,"href":"https:\/\/www.inmoban.es\/fr\/wp-json\/wp\/v2\/comments?post=1981"}],"version-history":[{"count":6,"href":"https:\/\/www.inmoban.es\/fr\/wp-json\/wp\/v2\/pages\/1981\/revisions"}],"predecessor-version":[{"id":3690,"href":"https:\/\/www.inmoban.es\/fr\/wp-json\/wp\/v2\/pages\/1981\/revisions\/3690"}],"wp:attachment":[{"href":"https:\/\/www.inmoban.es\/fr\/wp-json\/wp\/v2\/media?parent=1981"}],"curies":[{"name":"wp","href":"https:\/\/api.w.org\/{rel}","templated":true}]}}